{"id":97,"date":"2022-08-12T05:53:00","date_gmt":"2022-08-12T05:53:00","guid":{"rendered":"https:\/\/amsat-oe.com\/?page_id=97"},"modified":"2022-08-12T06:27:04","modified_gmt":"2022-08-12T06:27:04","slug":"projekte","status":"publish","type":"page","link":"https:\/\/amsat-oe.com\/?page_id=97","title":{"rendered":"Projekte"},"content":{"rendered":"<h2><span style=\"color: #9d032d;\"><strong>Projekte<\/strong><\/span><\/h2>\n<p>Auf diesen Seiten werden Projekte zum Thema &#8222;<em><strong>Citizen Science for Space &amp; Wireless Communication<\/strong><\/em>&#8220; begleitet und dokumentiert.<\/p>\n<p>Das soll eine m\u00f6glichst breite, an der Funktechnik interessierte, Community mit Informationen versorgen und die Entwicklung von eigene, durchwegs auch Neuen, Ideen unterst\u00fctzen.<\/p>\n<p>Die Begleitung von Projekten mit dem obigen Ziel wird im Mittelpunkt dieser Seiten stehen. Ein wesentliches Ziel wird aber auch die Ausbildung sein, welche mit gut vorbereiteten Themen unterst\u00fctzt werden soll. Damit k\u00f6nnen solche Themen in der Ausbildung als Grundlage dienen und in der Weiterbildung f\u00fcr fortf\u00fchrende Entwicklungen herangezogen werden.<\/p>\n","protected":false},"excerpt":{"rendered":"<p>Projekte Auf diesen Seiten werden Projekte zum Thema &#8222;Citizen Science for Space &amp; Wireless Communication&#8220; begleitet und dokumentiert. Das soll eine m\u00f6glichst breite, an der&hellip;<\/p>\n","protected":false},"author":1,"featured_media":0,"parent":0,"menu_order":0,"comment_status":"closed","ping_status":"closed","template":"","meta":{"footnotes":""},"class_list":["post-97","page","type-page","status-publish","hentry"],"_links":{"self":[{"href":"https:\/\/amsat-oe.com\/index.php?rest_route=\/wp\/v2\/pages\/97","targetHints":{"allow":["GET"]}}],"collection":[{"href":"https:\/\/amsat-oe.com\/index.php?rest_route=\/wp\/v2\/pages"}],"about":[{"href":"https:\/\/amsat-oe.com\/index.php?rest_route=\/wp\/v2\/types\/page"}],"author":[{"embeddable":true,"href":"https:\/\/amsat-oe.com\/index.php?rest_route=\/wp\/v2\/users\/1"}],"replies":[{"embeddable":true,"href":"https:\/\/amsat-oe.com\/index.php?rest_route=%2Fwp%2Fv2%2Fcomments&post=97"}],"version-history":[{"count":8,"href":"https:\/\/amsat-oe.com\/index.php?rest_route=\/wp\/v2\/pages\/97\/revisions"}],"predecessor-version":[{"id":106,"href":"https:\/\/amsat-oe.com\/index.php?rest_route=\/wp\/v2\/pages\/97\/revisions\/106"}],"wp:attachment":[{"href":"https:\/\/amsat-oe.com\/index.php?rest_route=%2Fwp%2Fv2%2Fmedia&parent=97"}],"curies":[{"name":"wp","href":"https:\/\/api.w.org\/{rel}","templated":true}]}}