{"id":42,"date":"2022-08-10T08:08:28","date_gmt":"2022-08-10T08:08:28","guid":{"rendered":"https:\/\/amsat-oe.com\/?page_id=42"},"modified":"2022-11-12T22:53:48","modified_gmt":"2022-11-12T22:53:48","slug":"impressum","status":"publish","type":"page","link":"https:\/\/amsat-oe.com\/?page_id=42","title":{"rendered":"Impressum"},"content":{"rendered":"<header>\n<header><em><strong>Institute of Citizen Science for Space &amp; Wireless Communication \u2013 AMSAT-OE<\/strong><\/em><\/header>\n<div class=\"entry-content\">\n<h3><span style=\"color: #9d032d;\"><strong>Pr\u00e4sident:<\/strong><\/span><\/h3>\n<p><strong>Ing. Michael Zwingl OE3MZC<\/strong><br \/>\n<strong>H\u00f6henstra\u00dfe 65<\/strong><br \/>\n<strong>3040 NEULENGBACH<\/strong><br \/>\n<strong>\u00d6sterreich<\/strong><\/p>\n<p>E-Mail-Adresse: <a href=\"mailto:oe3mzc@icssw.org\">oe3mzc@icssw.org<\/a><br \/>\nTelefonnummer: +43 664 340 8388<br \/>\nVereinsregister: Landesdirektion Wien, ZVR-Zahl: 1822992100<br \/>\nGerichtsstand: St. P\u00f6lten<\/p>\n<p>Verantwortlich f\u00fcr den Inhalt: Ing. Kurt Baumann OE1KBC<\/p>\n<p>Haftungshinweis: Trotz sorgf\u00e4ltiger inhaltlicher Kontrolle \u00fcbernehmen wir keine Haftung f\u00fcr die Inhalte externer Links. F\u00fcr den Inhalt der verlinkten Seiten sind ausschlie\u00dflich deren Betreiber verantwortlich.<\/p>\n<h3><span style=\"color: #9d032d;\"><strong>Copyright:<\/strong><\/span><\/h3>\n<p>Die Ver\u00f6ffentlichung von Texten und Fotos ist mit Angabe der Bezugsquelle und gegen Belegexemplar erlaubt.<\/p>\n<p>Die Dokumente dieses Internetangebots unterliegen dem Urheberrecht der ICSSW, AMSAT-OE, anderer AMSAT-Organisationen bzw. der einzelnen Autoren. Dies betrifft nicht fremde Angebote, auf die verwiesen wird. Sie unterliegen eventuell dem Urheberrecht anderer.<\/p>\n<\/div>\n<\/header>\n","protected":false},"excerpt":{"rendered":"<p>Institute of Citizen Science for Space &amp; Wireless Communication \u2013 AMSAT-OE Pr\u00e4sident: Ing. Michael Zwingl OE3MZC H\u00f6henstra\u00dfe 65 3040 NEULENGBACH \u00d6sterreich E-Mail-Adresse: oe3mzc@icssw.org Telefonnummer: +43&hellip;<\/p>\n","protected":false},"author":1,"featured_media":0,"parent":0,"menu_order":0,"comment_status":"closed","ping_status":"closed","template":"","meta":{"footnotes":""},"class_list":["post-42","page","type-page","status-publish","hentry"],"_links":{"self":[{"href":"https:\/\/amsat-oe.com\/index.php?rest_route=\/wp\/v2\/pages\/42","targetHints":{"allow":["GET"]}}],"collection":[{"href":"https:\/\/amsat-oe.com\/index.php?rest_route=\/wp\/v2\/pages"}],"about":[{"href":"https:\/\/amsat-oe.com\/index.php?rest_route=\/wp\/v2\/types\/page"}],"author":[{"embeddable":true,"href":"https:\/\/amsat-oe.com\/index.php?rest_route=\/wp\/v2\/users\/1"}],"replies":[{"embeddable":true,"href":"https:\/\/amsat-oe.com\/index.php?rest_route=%2Fwp%2Fv2%2Fcomments&post=42"}],"version-history":[{"count":10,"href":"https:\/\/amsat-oe.com\/index.php?rest_route=\/wp\/v2\/pages\/42\/revisions"}],"predecessor-version":[{"id":196,"href":"https:\/\/amsat-oe.com\/index.php?rest_route=\/wp\/v2\/pages\/42\/revisions\/196"}],"wp:attachment":[{"href":"https:\/\/amsat-oe.com\/index.php?rest_route=%2Fwp%2Fv2%2Fmedia&parent=42"}],"curies":[{"name":"wp","href":"https:\/\/api.w.org\/{rel}","templated":true}]}}